{"id":676,"date":"2024-08-10T10:34:40","date_gmt":"2024-08-10T08:34:40","guid":{"rendered":"https:\/\/happytown-music.de\/Pinnow\/?page_id=676"},"modified":"2024-11-29T17:50:50","modified_gmt":"2024-11-29T16:50:50","slug":"impressum","status":"publish","type":"page","link":"https:\/\/pinnow-vor-usedom.de\/?page_id=676","title":{"rendered":"Impressum"},"content":{"rendered":"\t\t<div data-elementor-type=\"wp-page\" data-elementor-id=\"676\" class=\"elementor elementor-676\">\n\t\t\t\t<div class=\"elementor-element elementor-element-3d373de3 e-flex e-con-boxed e-con e-parent\" data-id=\"3d373de3\" data-element_type=\"container\">\n\t\t\t\t\t<div class=\"e-con-inner\">\n\t\t\t\t<div class=\"elementor-element elementor-element-6b267e40 elementor-widget elementor-widget-text-editor\" data-id=\"6b267e40\" data-element_type=\"widget\" data-widget_type=\"text-editor.default\">\n\t\t\t\t<div class=\"elementor-widget-container\">\n\t\t\t\t\t\t\t\t\t\n<h1 class=\"wp-block-heading\">Kontakt zum F\u00f6rderverein<\/h1>\n\n\n\n<p>Bei Fragen und Anregungen k\u00f6nnen Sie gerne mit uns per Telefon, mittels Fax oder E-Mail Kontakt aufnehmen.<\/p>\n\n\n\n<p>F\u00f6rderverein zur Erhaltung der Dorfkirche Pinnow e.V.<br>1. Vorsitzende Frau Sabine Spanke<br>Altes Pfarrhaus 41<br>17390 Pinnow<br>Tel: 0171 149 80 70<br>Fax: 03971 25 89 70<br><a href=\"mailto:sabine.spanke@gmx.de\">E-Mail: sabine.spanke@gmx.de<\/a><br><br>Verantwortlich f\u00fcr den Inhalt der Seite www.pinnow-vor-usedom.de ist der F\u00f6rderverein zur Erhaltung der Dorfkirche Pinnow e.V. vertreten durch die erste Vorsitzende &#8211; Sabine Spanke.<\/p>\n\n\n\n<p>Der Verein ist eingetragen beim Amtsgericht Anklam, Gesch\u00e4fts-Nr.: 4 VR 342<br>Webmaster ist Klaus aus Lassan. <a href=\"mailto:admin(at)kirche-lassan.de\">admin@kirche-lassan.de<\/a><\/p>\n\n\n\n<h2 class=\"wp-block-heading\">Disclaimer<\/h2>\n\n\n\n<h3 class=\"wp-block-heading\">Haftung f\u00fcr Inhalte<\/h3>\n\n\n\n<p>Die Inhalte unserer Seiten wurden mit gr\u00f6\u00dfter Sorgfalt erstellt. F\u00fcr die Richtigkeit, Vollst\u00e4ndigkeit und Aktualit\u00e4t der Inhalte k\u00f6nnen wir jedoch keine Gew\u00e4hr \u00fcbernehmen. Als Diensteanbieter sind wir gem\u00e4\u00df \u00a7 7 Abs.1 TMG f\u00fcr eigene Inhalte auf diesen Seiten nach den allgemeinen Gesetzen verantwortlich. Nach \u00a7\u00a7 8 bis 10 TMG sind wir als Diensteanbieter jedoch nicht verpflichtet, \u00fcbermittelte oder gespeicherte fremde Informationen zu \u00fcberwachen oder nach Umst\u00e4nden zu forschen, die auf eine rechtswidrige T\u00e4tigkeit hinweisen. Verpflichtungen zur Entfernung oder Sperrung der Nutzung von Informationen nach den allgemeinen Gesetzen bleiben hiervon unber\u00fchrt. Eine diesbez\u00fcgliche Haftung ist jedoch erst ab dem Zeitpunkt der Kenntnis einer konkreten Rechtsverletzung m\u00f6glich. Bei Bekanntwerden von entsprechenden Rechtsverletzungen werden wir diese Inhalte umgehend entfernen.<\/p>\n\n\n\n<h3 class=\"wp-block-heading\">Haftung f\u00fcr Links<\/h3>\n\n\n\n<p>Unser Angebot enth\u00e4lt Links zu externen Webseiten Dritter, auf deren Inhalte wir keinen Einfluss haben. Deshalb k\u00f6nnen wir f\u00fcr diese fremden Inhalte auch keine Gew\u00e4hr \u00fcbernehmen. F\u00fcr die Inhalte der verlinkten Seiten ist stets der jeweilige Anbieter oder Betreiber der Seiten verantwortlich. Die verlinkten Seiten wurden zum Zeitpunkt der Verlinkung auf m\u00f6gliche Rechtsverst\u00f6\u00dfe \u00fcberpr\u00fcft. Rechtswidrige Inhalte waren zum Zeitpunkt der Verlinkung nicht erkennbar. Eine permanente inhaltliche Kontrolle der verlinkten Seiten ist jedoch ohne konkrete Anhaltspunkte einer Rechtsverletzung nicht zumutbar. Bei Bekanntwerden von Rechtsverletzungen werden wir derartige Links umgehend entfernen.<\/p>\n\n\n\n<h3 class=\"wp-block-heading\">Urheberrecht<\/h3>\n\n\n\n<p>Die durch die Seitenbetreiber erstellten Inhalte und Werke auf diesen Seiten unterliegen dem deutschen Urheberrecht. Die Vervielf\u00e4ltigung, Bearbeitung, Verbreitung und jede Art der Verwertung au\u00dferhalb der Grenzen des Urheberrechtes bed\u00fcrfen der schriftlichen Zustimmung des jeweiligen Autors bzw. Erstellers. Downloads und Kopien dieser Seite sind nur f\u00fcr den privaten, nicht kommerziellen Gebrauch gestattet. Soweit die Inhalte auf dieser Seite nicht vom Betreiber erstellt wurden, werden die Urheberrechte Dritter beachtet. Insbesondere werden Inhalte Dritter als solche gekennzeichnet. Sollten Sie trotzdem auf eine Urheberrechtsverletzung aufmerksam werden, bitten wir um einen entsprechenden Hinweis. Bei Bekanntwerden von Rechtsverletzungen werden wir derartige Inhalte umgehend entfernen.<\/p>\n\n\n\n<h2 class=\"wp-block-heading\">Datenschutzerkl\u00e4rung<\/h2>\n\n\n\n<p>Diese Erkl\u00e4rung zum Datenschutz gilt ausschlie\u00dflich f\u00fcr die Website www.pinnow-vor-usedom.de Sie gilt nicht f\u00fcr die Websites, die von dieser Seite aus \u00fcber einen Link aufgerufen werden. Sofern unserere Web-Seite Links zu den Seiten anderer Anbieter oder Content Provider enth\u00e4lt, sind diese als solche kenntlich gemacht. Bitte beachten Sie die auf der verlinkten Website aufgef\u00fchrten Datenschutzhinweise.<\/p>\n\n\n\n<p>Personenbezogene Daten werden in \u00dcbereinstimmung mit dem jeweils geltenden Datenschutzrecht erhoben und genutzt. Personenbezogene Daten sind Informationen zu Ihrer Identit\u00e4t, wie zum Beispiel Name, Postanschrift, E-Mail-Adresse, Handy-Nummer, Geburtsdatum. Diese Daten werden nur gespeichert, wenn Sie diese an uns \u00fcbermitteln. Soweit technisch m\u00f6glich, gew\u00e4hrleisten wir den Besuch unserer Website, ohne personenbezogene Daten zu erheben. Anhand dieser Datenschutzbestimmungen erkl\u00e4ren wir Ihnen, welche Daten wir erheben, verarbeiten und nutzen. Beachten sie bitte, dass diese Datenschutzbedingungen von Zeit zu Zeit angepasst werden k\u00f6nnen.<\/p>\n\n\n\n<p><strong>Datenerhebung und Speicherung<\/strong><\/p>\n\n\n\n<p>Automatisiert werden bei der Nutzung eines Webauftritts Daten gespeichert, bei denen ein indirekter Bezug zu Ihrer Person nicht ausgeschlossen werden kann. Diese Daten werden ebenso beim Zugriff auf jede andere Website anderer Anbieter generiert. Dazu geh\u00f6ren beispielsweise Informationen zum verwendeten Webbrowser, \u00fcber die besuchten Seiten sowie die Verweildauer. Die Daten werden anonym genutzt, um die Website im Sinne der Nutzer weiter zu verbessern bzw. ihre Sicherheit und Stabilit\u00e4t zu gew\u00e4hrleisten. F\u00fcr einen Besuch unserer Website ben\u00f6tigen wir sonst keine Daten von Ihnen. Sie k\u00f6nnen sich daher weitgehend absolut anonym im Sinne des Datenschutzrechts auf unserer Website bewegen.<br>Cookies: Unser Webauftritt hat rein informativen Charakter und speichert keine personenbezogenen Daten in Cookies auf Ihrem Rechner.<\/p>\n\n\n\n<p><strong>Datensicherheit<\/strong><\/p>\n\n\n\n<p>Unser Provider unternimmt alle Anstrengungen, dass Ihre technisch notwendigen Daten vor Verlust, Verf\u00e4lschung oder Kenntnisnahme Unbefugter gesichert sind. Bitte beachten Sie, dass die \u00dcbersendung von Daten per E-Mail dagegen grunds\u00e4tzlich nicht verschl\u00fcsselt erfolgt.<\/p>\n\n\n\n<p>Wir weisen darauf hin, dass die Datensicherheit f\u00fcr die \u00dcbertragung von Daten innerhalb des Internets nach dem derzeitigen Stand der Technik nicht umfassend gew\u00e4hrleistet werden kann. Andere User des Internets sind unter Umst\u00e4nden technisch in der Lage, unbefugt in die Netzsicherheit einzugreifen und den Nachrichtenverkehr zu kontrollieren.<\/p>\n\n\n\n<p><strong>Fragen<\/strong><\/p>\n\n\n\n<p>Bei Fragen sowie Auskunftsersuchen im Zusammenhang mit unserer Erkl\u00e4rung zum Datenschutz und der Verarbeitung Ihrer pers\u00f6nlichen Daten k\u00f6nnen Sie sich an die Verantwortliche f\u00fcr diese WEB-Seite wenden (siehe Kontakt oben auf dieser Seite).<\/p>\n\t\t\t\t\t\t\t\t<\/div>\n\t\t\t\t<\/div>\n\t\t\t\t\t<\/div>\n\t\t\t\t<\/div>\n\t\t\t\t<\/div>\n\t\t","protected":false},"excerpt":{"rendered":"<p>Kontakt zum F\u00f6rderverein Bei Fragen und Anregungen k\u00f6nnen Sie gerne mit uns per Telefon, mittels Fax oder E-Mail Kontakt aufnehmen. F\u00f6rderverein zur Erhaltung der Dorfkirche Pinnow e.V.1. Vorsitzende Frau Sabine SpankeAltes Pfarrhaus 4117390 PinnowTel: 0171 149 80 70Fax: 03971 25 89 70E-Mail: sabine.spanke@gmx.de Verantwortlich f\u00fcr den Inhalt der Seite www.pinnow-vor-usedom.de ist der F\u00f6rderverein zur Erhaltung [&hellip;]<\/p>\n","protected":false},"author":1,"featured_media":0,"parent":0,"menu_order":0,"comment_status":"closed","ping_status":"closed","template":"","meta":{"_eb_attr":"","ocean_post_layout":"","ocean_both_sidebars_style":"","ocean_both_sidebars_content_width":0,"ocean_both_sidebars_sidebars_width":0,"ocean_sidebar":"","ocean_second_sidebar":"","ocean_disable_margins":"enable","ocean_add_body_class":"","ocean_shortcode_before_top_bar":"","ocean_shortcode_after_top_bar":"","ocean_shortcode_before_header":"","ocean_shortcode_after_header":"","ocean_has_shortcode":"","ocean_shortcode_after_title":"","ocean_shortcode_before_footer_widgets":"","ocean_shortcode_after_footer_widgets":"","ocean_shortcode_before_footer_bottom":"","ocean_shortcode_after_footer_bottom":"","ocean_display_top_bar":"default","ocean_display_header":"default","ocean_header_style":"","ocean_center_header_left_menu":"","ocean_custom_header_template":"","ocean_custom_logo":0,"ocean_custom_retina_logo":0,"ocean_custom_logo_max_width":0,"ocean_custom_logo_tablet_max_width":0,"ocean_custom_logo_mobile_max_width":0,"ocean_custom_logo_max_height":0,"ocean_custom_logo_tablet_max_height":0,"ocean_custom_logo_mobile_max_height":0,"ocean_header_custom_menu":"","ocean_menu_typo_font_family":"","ocean_menu_typo_font_subset":"","ocean_menu_typo_font_size":0,"ocean_menu_typo_font_size_tablet":0,"ocean_menu_typo_font_size_mobile":0,"ocean_menu_typo_font_size_unit":"px","ocean_menu_typo_font_weight":"","ocean_menu_typo_font_weight_tablet":"","ocean_menu_typo_font_weight_mobile":"","ocean_menu_typo_transform":"","ocean_menu_typo_transform_tablet":"","ocean_menu_typo_transform_mobile":"","ocean_menu_typo_line_height":0,"ocean_menu_typo_line_height_tablet":0,"ocean_menu_typo_line_height_mobile":0,"ocean_menu_typo_line_height_unit":"","ocean_menu_typo_spacing":0,"ocean_menu_typo_spacing_tablet":0,"ocean_menu_typo_spacing_mobile":0,"ocean_menu_typo_spacing_unit":"","ocean_menu_link_color":"","ocean_menu_link_color_hover":"","ocean_menu_link_color_active":"","ocean_menu_link_background":"","ocean_menu_link_hover_background":"","ocean_menu_link_active_background":"","ocean_menu_social_links_bg":"","ocean_menu_social_hover_links_bg":"","ocean_menu_social_links_color":"","ocean_menu_social_hover_links_color":"","ocean_disable_title":"default","ocean_disable_heading":"default","ocean_post_title":"","ocean_post_subheading":"","ocean_post_title_style":"","ocean_post_title_background_color":"","ocean_post_title_background":0,"ocean_post_title_bg_image_position":"","ocean_post_title_bg_image_attachment":"","ocean_post_title_bg_image_repeat":"","ocean_post_title_bg_image_size":"","ocean_post_title_height":0,"ocean_post_title_bg_overlay":0.5,"ocean_post_title_bg_overlay_color":"","ocean_disable_breadcrumbs":"default","ocean_breadcrumbs_color":"","ocean_breadcrumbs_separator_color":"","ocean_breadcrumbs_links_color":"","ocean_breadcrumbs_links_hover_color":"","ocean_display_footer_widgets":"default","ocean_display_footer_bottom":"default","ocean_custom_footer_template":"","footnotes":""},"class_list":["post-676","page","type-page","status-publish","hentry","entry"],"_links":{"self":[{"href":"https:\/\/pinnow-vor-usedom.de\/index.php?rest_route=\/wp\/v2\/pages\/676","targetHints":{"allow":["GET"]}}],"collection":[{"href":"https:\/\/pinnow-vor-usedom.de\/index.php?rest_route=\/wp\/v2\/pages"}],"about":[{"href":"https:\/\/pinnow-vor-usedom.de\/index.php?rest_route=\/wp\/v2\/types\/page"}],"author":[{"embeddable":true,"href":"https:\/\/pinnow-vor-usedom.de\/index.php?rest_route=\/wp\/v2\/users\/1"}],"replies":[{"embeddable":true,"href":"https:\/\/pinnow-vor-usedom.de\/index.php?rest_route=%2Fwp%2Fv2%2Fcomments&post=676"}],"version-history":[{"count":8,"href":"https:\/\/pinnow-vor-usedom.de\/index.php?rest_route=\/wp\/v2\/pages\/676\/revisions"}],"predecessor-version":[{"id":1024,"href":"https:\/\/pinnow-vor-usedom.de\/index.php?rest_route=\/wp\/v2\/pages\/676\/revisions\/1024"}],"wp:attachment":[{"href":"https:\/\/pinnow-vor-usedom.de\/index.php?rest_route=%2Fwp%2Fv2%2Fmedia&parent=676"}],"curies":[{"name":"wp","href":"https:\/\/api.w.org\/{rel}","templated":true}]}}